{"id":2374,"date":"2021-10-14T21:43:27","date_gmt":"2021-10-14T19:43:27","guid":{"rendered":"https:\/\/zsolnaygin.hu\/where-to-buy\/"},"modified":"2024-10-11T17:44:39","modified_gmt":"2024-10-11T15:44:39","slug":"retailers","status":"publish","type":"page","link":"https:\/\/zsolnaygin.hu\/en\/retailers\/","title":{"rendered":"WHERE TO BUY"},"content":{"rendered":"\t\t<div data-elementor-type=\"wp-page\" data-elementor-id=\"2374\" class=\"elementor elementor-2374\" data-elementor-post-type=\"page\">\n\t\t\t\t\t\t<section class=\"elementor-section elementor-top-section elementor-element elementor-element-f5fa143 elementor-section-full_width elementor-section-height-min-height elementor-section-content-top elementor-hidden-mobile elementor-section-height-default elementor-section-items-middle\" data-id=\"f5fa143\" data-element_type=\"section\" data-e-type=\"section\" data-settings=\"{&quot;background_background&quot;:&quot;classic&quot;}\">\n\t\t\t\t\t\t<div class=\"elementor-container elementor-column-gap-default\">\n\t\t\t\t\t<div class=\"elementor-column elementor-col-100 elementor-top-column elementor-element elementor-element-922c380\" data-id=\"922c380\" data-element_type=\"column\" data-e-type=\"column\">\n\t\t\t<div class=\"elementor-widget-wrap elementor-element-populated\">\n\t\t\t\t\t\t<section class=\"elementor-section elementor-inner-section elementor-element elementor-element-6479940 elementor-section-boxed elementor-section-height-default elementor-section-height-default\" data-id=\"6479940\" data-element_type=\"section\" data-e-type=\"section\">\n\t\t\t\t\t\t<div class=\"elementor-container elementor-column-gap-default\">\n\t\t\t\t\t<div class=\"elementor-column elementor-col-50 elementor-inner-column elementor-element elementor-element-6903513\" data-id=\"6903513\" data-element_type=\"column\" data-e-type=\"column\">\n\t\t\t<div class=\"elementor-widget-wrap\">\n\t\t\t\t\t\t\t<\/div>\n\t\t<\/div>\n\t\t\t\t<div class=\"elementor-column elementor-col-50 elementor-inner-column elementor-element elementor-element-f4da43f\" data-id=\"f4da43f\" data-element_type=\"column\" data-e-type=\"column\">\n\t\t\t<div class=\"elementor-widget-wrap\">\n\t\t\t\t\t\t\t<\/div>\n\t\t<\/div>\n\t\t\t\t\t<\/div>\n\t\t<\/section>\n\t\t\t\t\t<\/div>\n\t\t<\/div>\n\t\t\t\t\t<\/div>\n\t\t<\/section>\n\t\t\t\t<section class=\"elementor-section elementor-top-section elementor-element elementor-element-f65d2a4 elementor-section-full_width elementor-section-height-default elementor-section-height-default\" data-id=\"f65d2a4\" data-element_type=\"section\" data-e-type=\"section\" data-settings=\"{&quot;background_background&quot;:&quot;classic&quot;}\">\n\t\t\t\t\t\t<div class=\"elementor-container elementor-column-gap-default\">\n\t\t\t\t\t<div class=\"elementor-column elementor-col-33 elementor-top-column elementor-element elementor-element-b9b7602\" data-id=\"b9b7602\" data-element_type=\"column\" data-e-type=\"column\">\n\t\t\t<div class=\"elementor-widget-wrap\">\n\t\t\t\t\t\t\t<\/div>\n\t\t<\/div>\n\t\t\t\t<div class=\"elementor-column elementor-col-33 elementor-top-column elementor-element elementor-element-66b9865\" data-id=\"66b9865\" data-element_type=\"column\" data-e-type=\"column\">\n\t\t\t<div class=\"elementor-widget-wrap elementor-element-populated\">\n\t\t\t\t\t\t<div class=\"elementor-element elementor-element-15f58a5 elementor-widget-divider--view-line_text elementor-widget-divider--element-align-center elementor-widget elementor-widget-divider\" data-id=\"15f58a5\" data-element_type=\"widget\" data-e-type=\"widget\" data-widget_type=\"divider.default\">\n\t\t\t\t<div class=\"elementor-widget-container\">\n\t\t\t\t\t\t\t<div class=\"elementor-divider\">\n\t\t\t<span class=\"elementor-divider-separator\">\n\t\t\t\t\t\t\t<span class=\"elementor-divider__text elementor-divider__element\">\n\t\t\t\tOUR RETAILERS\t\t\t\t<\/span>\n\t\t\t\t\t\t<\/span>\n\t\t<\/div>\n\t\t\t\t\t\t<\/div>\n\t\t\t\t<\/div>\n\t\t\t\t\t<\/div>\n\t\t<\/div>\n\t\t\t\t<div class=\"elementor-column elementor-col-33 elementor-top-column elementor-element elementor-element-cb2f0b0\" data-id=\"cb2f0b0\" data-element_type=\"column\" data-e-type=\"column\">\n\t\t\t<div class=\"elementor-widget-wrap\">\n\t\t\t\t\t\t\t<\/div>\n\t\t<\/div>\n\t\t\t\t\t<\/div>\n\t\t<\/section>\n\t\t\t\t<section class=\"elementor-section elementor-top-section elementor-element elementor-element-866a93a elementor-section-full_width elementor-section-height-default elementor-section-height-default\" data-id=\"866a93a\" data-element_type=\"section\" data-e-type=\"section\">\n\t\t\t\t\t\t<div class=\"elementor-container elementor-column-gap-no\">\n\t\t\t\t\t<div class=\"elementor-column elementor-col-50 elementor-top-column elementor-element elementor-element-d55be0f\" data-id=\"d55be0f\" data-element_type=\"column\" data-e-type=\"column\" data-settings=\"{&quot;background_background&quot;:&quot;classic&quot;}\">\n\t\t\t<div class=\"elementor-widget-wrap elementor-element-populated\">\n\t\t\t\t\t\t<div class=\"elementor-element elementor-element-04b8b0a elementor-widget elementor-widget-image\" data-id=\"04b8b0a\" data-element_type=\"widget\" data-e-type=\"widget\" data-widget_type=\"image.default\">\n\t\t\t\t<div class=\"elementor-widget-container\">\n\t\t\t\t\t\t\t\t\t\t\t\t\t\t\t<img fetchpriority=\"high\" decoding=\"async\" width=\"1024\" height=\"719\" src=\"https:\/\/zsolnaygin.hu\/wp-content\/uploads\/2021\/10\/viszonteladoink-buzavirag-gin-1003-1024x719.jpg\" class=\"attachment-large size-large wp-image-2410\" alt=\"\" srcset=\"https:\/\/zsolnaygin.hu\/wp-content\/uploads\/2021\/10\/viszonteladoink-buzavirag-gin-1003-1024x719.jpg 1024w, https:\/\/zsolnaygin.hu\/wp-content\/uploads\/2021\/10\/viszonteladoink-buzavirag-gin-1003-300x211.jpg 300w, https:\/\/zsolnaygin.hu\/wp-content\/uploads\/2021\/10\/viszonteladoink-buzavirag-gin-1003-768x539.jpg 768w, https:\/\/zsolnaygin.hu\/wp-content\/uploads\/2021\/10\/viszonteladoink-buzavirag-gin-1003.jpg 1140w\" sizes=\"(max-width: 1024px) 100vw, 1024px\" \/>\t\t\t\t\t\t\t\t\t\t\t\t\t\t\t<\/div>\n\t\t\t\t<\/div>\n\t\t\t\t\t<\/div>\n\t\t<\/div>\n\t\t\t\t<div class=\"elementor-column elementor-col-50 elementor-top-column elementor-element elementor-element-64e5ef6\" data-id=\"64e5ef6\" data-element_type=\"column\" data-e-type=\"column\" data-settings=\"{&quot;background_background&quot;:&quot;classic&quot;}\">\n\t\t\t<div class=\"elementor-widget-wrap elementor-element-populated\">\n\t\t\t\t\t\t<div class=\"elementor-element elementor-element-eccf28f elementor-widget elementor-widget-text-editor\" data-id=\"eccf28f\" data-element_type=\"widget\" data-e-type=\"widget\" data-widget_type=\"text-editor.default\">\n\t\t\t\t<div class=\"elementor-widget-container\">\n\t\t\t\t\t\t\t\t\t<p style=\"text-align: center;\">Borh\u00e1l\u00f3 Nagykeresked\u00e9s<br>Budapest Bort\u00e1rsas\u00e1g Kft.<br>Central Drinks Kft.<br>Hansa-Kontakt Kft.<br>ItalGuru Kft.<br>Jan-ker 2001 Kft.<br>Magnumbor Kft.<br>Pilsner Bt.<br>RiMiKer Plus Kft. (Idrinks)<br>Si\u00f3mente Keresked\u0151h\u00e1z Zrt.<br>Ventwest Kft.<br>WhiskyNet Kft. <\/p>\t\t\t\t\t\t\t\t<\/div>\n\t\t\t\t<\/div>\n\t\t\t\t\t<\/div>\n\t\t<\/div>\n\t\t\t\t\t<\/div>\n\t\t<\/section>\n\t\t\t\t<\/div>\n\t\t","protected":false},"excerpt":{"rendered":"<p>OUR RETAILERS Borh\u00e1l\u00f3 Nagykeresked\u00e9sBudapest Bort\u00e1rsas\u00e1g Kft.Central Drinks Kft.Hansa-Kontakt Kft.ItalGuru Kft.Jan-ker 2001 Kft.Magnumbor Kft.Pilsner Bt.RiMiKer Plus Kft. (Idrinks)Si\u00f3mente Keresked\u0151h\u00e1z Zrt.Ventwest Kft.WhiskyNet Kft.<\/p>\n","protected":false},"author":1,"featured_media":0,"parent":0,"menu_order":0,"comment_status":"closed","ping_status":"closed","template":"","meta":{"inline_featured_image":false,"site-sidebar-layout":"no-sidebar","site-content-layout":"page-builder","ast-site-content-layout":"full-width-container","site-content-style":"unboxed","site-sidebar-style":"unboxed","ast-global-header-display":"","ast-banner-title-visibility":"","ast-main-header-display":"","ast-hfb-above-header-display":"","ast-hfb-below-header-display":"","ast-hfb-mobile-header-display":"","site-post-title":"disabled","ast-breadcrumbs-content":"","ast-featured-img":"disabled","footer-sml-layout":"","ast-disable-related-posts":"","theme-transparent-header-meta":"default","adv-header-id-meta":"","stick-header-meta":"","header-above-stick-meta":"","header-main-stick-meta":"","header-below-stick-meta":"","astra-migrate-meta-layouts":"default","ast-page-background-enabled":"default","ast-page-background-meta":{"desktop":{"background-color":"var(--ast-global-color-4)","background-image":"","background-repeat":"repeat","background-position":"center center","background-size":"auto","background-attachment":"scroll","background-type":"","background-media":"","overlay-type":"","overlay-color":"","overlay-opacity":"","overlay-gradient":""},"tablet":{"background-color":"","background-image":"","background-repeat":"repeat","background-position":"center center","background-size":"auto","background-attachment":"scroll","background-type":"","background-media":"","overlay-type":"","overlay-color":"","overlay-opacity":"","overlay-gradient":""},"mobile":{"background-color":"","background-image":"","background-repeat":"repeat","background-position":"center center","background-size":"auto","background-attachment":"scroll","background-type":"","background-media":"","overlay-type":"","overlay-color":"","overlay-opacity":"","overlay-gradient":""}},"ast-content-background-meta":{"desktop":{"background-color":"var(--ast-global-color-5)","background-image":"","background-repeat":"repeat","background-position":"center center","background-size":"auto","background-attachment":"scroll","background-type":"","background-media":"","overlay-type":"","overlay-color":"","overlay-opacity":"","overlay-gradient":""},"tablet":{"background-color":"var(--ast-global-color-5)","background-image":"","background-repeat":"repeat","background-position":"center center","background-size":"auto","background-attachment":"scroll","background-type":"","background-media":"","overlay-type":"","overlay-color":"","overlay-opacity":"","overlay-gradient":""},"mobile":{"background-color":"var(--ast-global-color-5)","background-image":"","background-repeat":"repeat","background-position":"center center","background-size":"auto","background-attachment":"scroll","background-type":"","background-media":"","overlay-type":"","overlay-color":"","overlay-opacity":"","overlay-gradient":""}},"footnotes":""},"class_list":["post-2374","page","type-page","status-publish","hentry"],"yoast_head":"<!-- This site is optimized with the Yoast SEO plugin v26.6 - https:\/\/yoast.com\/wordpress\/plugins\/seo\/ -->\n<title>WHERE TO BUY - zsolnaygin.hu<\/title>\n<meta name=\"robots\" content=\"index, follow, max-snippet:-1, max-image-preview:large, max-video-preview:-1\" \/>\n<link rel=\"canonical\" href=\"https:\/\/zsolnaygin.hu\/en\/retailers\/\" \/>\n<meta property=\"og:locale\" content=\"en_US\" \/>\n<meta property=\"og:type\" content=\"article\" \/>\n<meta property=\"og:title\" content=\"WHERE TO BUY - zsolnaygin.hu\" \/>\n<meta property=\"og:description\" content=\"OUR RETAILERS Borh\u00e1l\u00f3 Nagykeresked\u00e9sBudapest Bort\u00e1rsas\u00e1g Kft.Central Drinks Kft.Hansa-Kontakt Kft.ItalGuru Kft.Jan-ker 2001 Kft.Magnumbor Kft.Pilsner Bt.RiMiKer Plus Kft. (Idrinks)Si\u00f3mente Keresked\u0151h\u00e1z Zrt.Ventwest Kft.WhiskyNet Kft.\" \/>\n<meta property=\"og:url\" content=\"https:\/\/zsolnaygin.hu\/en\/retailers\/\" \/>\n<meta property=\"og:site_name\" content=\"zsolnaygin.hu\" \/>\n<meta property=\"article:modified_time\" content=\"2024-10-11T15:44:39+00:00\" \/>\n<meta property=\"og:image\" content=\"https:\/\/zsolnaygin.hu\/wp-content\/uploads\/2021\/10\/viszonteladoink-buzavirag-gin-1003.jpg\" \/>\n\t<meta property=\"og:image:width\" content=\"1140\" \/>\n\t<meta property=\"og:image:height\" content=\"800\" \/>\n\t<meta property=\"og:image:type\" content=\"image\/jpeg\" \/>\n<meta name=\"twitter:card\" content=\"summary_large_image\" \/>\n<script type=\"application\/ld+json\" class=\"yoast-schema-graph\">{\"@context\":\"https:\/\/schema.org\",\"@graph\":[{\"@type\":\"WebPage\",\"@id\":\"https:\/\/zsolnaygin.hu\/en\/retailers\/\",\"url\":\"https:\/\/zsolnaygin.hu\/en\/retailers\/\",\"name\":\"WHERE TO BUY - zsolnaygin.hu\",\"isPartOf\":{\"@id\":\"https:\/\/zsolnaygin.hu\/en\/#website\"},\"primaryImageOfPage\":{\"@id\":\"https:\/\/zsolnaygin.hu\/en\/retailers\/#primaryimage\"},\"image\":{\"@id\":\"https:\/\/zsolnaygin.hu\/en\/retailers\/#primaryimage\"},\"thumbnailUrl\":\"https:\/\/zsolnaygin.hu\/wp-content\/uploads\/2021\/10\/viszonteladoink-buzavirag-gin-1003-1024x719.jpg\",\"datePublished\":\"2021-10-14T19:43:27+00:00\",\"dateModified\":\"2024-10-11T15:44:39+00:00\",\"breadcrumb\":{\"@id\":\"https:\/\/zsolnaygin.hu\/en\/retailers\/#breadcrumb\"},\"inLanguage\":\"en-US\",\"potentialAction\":[{\"@type\":\"ReadAction\",\"target\":[\"https:\/\/zsolnaygin.hu\/en\/retailers\/\"]}]},{\"@type\":\"ImageObject\",\"inLanguage\":\"en-US\",\"@id\":\"https:\/\/zsolnaygin.hu\/en\/retailers\/#primaryimage\",\"url\":\"https:\/\/zsolnaygin.hu\/wp-content\/uploads\/2021\/10\/viszonteladoink-buzavirag-gin-1003-1024x719.jpg\",\"contentUrl\":\"https:\/\/zsolnaygin.hu\/wp-content\/uploads\/2021\/10\/viszonteladoink-buzavirag-gin-1003-1024x719.jpg\"},{\"@type\":\"BreadcrumbList\",\"@id\":\"https:\/\/zsolnaygin.hu\/en\/retailers\/#breadcrumb\",\"itemListElement\":[{\"@type\":\"ListItem\",\"position\":1,\"name\":\"Kezd\u0151lap\",\"item\":\"https:\/\/zsolnaygin.hu\/en\/\"},{\"@type\":\"ListItem\",\"position\":2,\"name\":\"WHERE TO BUY\"}]},{\"@type\":\"WebSite\",\"@id\":\"https:\/\/zsolnaygin.hu\/en\/#website\",\"url\":\"https:\/\/zsolnaygin.hu\/en\/\",\"name\":\"zsolnaygin.hu\",\"description\":\"Zsolnay gin\",\"publisher\":{\"@id\":\"https:\/\/zsolnaygin.hu\/en\/#organization\"},\"potentialAction\":[{\"@type\":\"SearchAction\",\"target\":{\"@type\":\"EntryPoint\",\"urlTemplate\":\"https:\/\/zsolnaygin.hu\/en\/?s={search_term_string}\"},\"query-input\":{\"@type\":\"PropertyValueSpecification\",\"valueRequired\":true,\"valueName\":\"search_term_string\"}}],\"inLanguage\":\"en-US\"},{\"@type\":\"Organization\",\"@id\":\"https:\/\/zsolnaygin.hu\/en\/#organization\",\"name\":\"zsolnaygin.hu\",\"url\":\"https:\/\/zsolnaygin.hu\/en\/\",\"logo\":{\"@type\":\"ImageObject\",\"inLanguage\":\"en-US\",\"@id\":\"https:\/\/zsolnaygin.hu\/en\/#\/schema\/logo\/image\/\",\"url\":\"https:\/\/zsolnaygin.hu\/wp-content\/uploads\/2024\/09\/THE-ZSOLNAY_GIN.svg\",\"contentUrl\":\"https:\/\/zsolnaygin.hu\/wp-content\/uploads\/2024\/09\/THE-ZSOLNAY_GIN.svg\",\"width\":254,\"height\":171,\"caption\":\"zsolnaygin.hu\"},\"image\":{\"@id\":\"https:\/\/zsolnaygin.hu\/en\/#\/schema\/logo\/image\/\"}}]}<\/script>\n<!-- \/ Yoast SEO plugin. -->","yoast_head_json":{"title":"WHERE TO BUY - zsolnaygin.hu","robots":{"index":"index","follow":"follow","max-snippet":"max-snippet:-1","max-image-preview":"max-image-preview:large","max-video-preview":"max-video-preview:-1"},"canonical":"https:\/\/zsolnaygin.hu\/en\/retailers\/","og_locale":"en_US","og_type":"article","og_title":"WHERE TO BUY - zsolnaygin.hu","og_description":"OUR RETAILERS Borh\u00e1l\u00f3 Nagykeresked\u00e9sBudapest Bort\u00e1rsas\u00e1g Kft.Central Drinks Kft.Hansa-Kontakt Kft.ItalGuru Kft.Jan-ker 2001 Kft.Magnumbor Kft.Pilsner Bt.RiMiKer Plus Kft. (Idrinks)Si\u00f3mente Keresked\u0151h\u00e1z Zrt.Ventwest Kft.WhiskyNet Kft.","og_url":"https:\/\/zsolnaygin.hu\/en\/retailers\/","og_site_name":"zsolnaygin.hu","article_modified_time":"2024-10-11T15:44:39+00:00","og_image":[{"width":1140,"height":800,"url":"https:\/\/zsolnaygin.hu\/wp-content\/uploads\/2021\/10\/viszonteladoink-buzavirag-gin-1003.jpg","type":"image\/jpeg"}],"twitter_card":"summary_large_image","schema":{"@context":"https:\/\/schema.org","@graph":[{"@type":"WebPage","@id":"https:\/\/zsolnaygin.hu\/en\/retailers\/","url":"https:\/\/zsolnaygin.hu\/en\/retailers\/","name":"WHERE TO BUY - zsolnaygin.hu","isPartOf":{"@id":"https:\/\/zsolnaygin.hu\/en\/#website"},"primaryImageOfPage":{"@id":"https:\/\/zsolnaygin.hu\/en\/retailers\/#primaryimage"},"image":{"@id":"https:\/\/zsolnaygin.hu\/en\/retailers\/#primaryimage"},"thumbnailUrl":"https:\/\/zsolnaygin.hu\/wp-content\/uploads\/2021\/10\/viszonteladoink-buzavirag-gin-1003-1024x719.jpg","datePublished":"2021-10-14T19:43:27+00:00","dateModified":"2024-10-11T15:44:39+00:00","breadcrumb":{"@id":"https:\/\/zsolnaygin.hu\/en\/retailers\/#breadcrumb"},"inLanguage":"en-US","potentialAction":[{"@type":"ReadAction","target":["https:\/\/zsolnaygin.hu\/en\/retailers\/"]}]},{"@type":"ImageObject","inLanguage":"en-US","@id":"https:\/\/zsolnaygin.hu\/en\/retailers\/#primaryimage","url":"https:\/\/zsolnaygin.hu\/wp-content\/uploads\/2021\/10\/viszonteladoink-buzavirag-gin-1003-1024x719.jpg","contentUrl":"https:\/\/zsolnaygin.hu\/wp-content\/uploads\/2021\/10\/viszonteladoink-buzavirag-gin-1003-1024x719.jpg"},{"@type":"BreadcrumbList","@id":"https:\/\/zsolnaygin.hu\/en\/retailers\/#breadcrumb","itemListElement":[{"@type":"ListItem","position":1,"name":"Kezd\u0151lap","item":"https:\/\/zsolnaygin.hu\/en\/"},{"@type":"ListItem","position":2,"name":"WHERE TO BUY"}]},{"@type":"WebSite","@id":"https:\/\/zsolnaygin.hu\/en\/#website","url":"https:\/\/zsolnaygin.hu\/en\/","name":"zsolnaygin.hu","description":"Zsolnay gin","publisher":{"@id":"https:\/\/zsolnaygin.hu\/en\/#organization"},"potentialAction":[{"@type":"SearchAction","target":{"@type":"EntryPoint","urlTemplate":"https:\/\/zsolnaygin.hu\/en\/?s={search_term_string}"},"query-input":{"@type":"PropertyValueSpecification","valueRequired":true,"valueName":"search_term_string"}}],"inLanguage":"en-US"},{"@type":"Organization","@id":"https:\/\/zsolnaygin.hu\/en\/#organization","name":"zsolnaygin.hu","url":"https:\/\/zsolnaygin.hu\/en\/","logo":{"@type":"ImageObject","inLanguage":"en-US","@id":"https:\/\/zsolnaygin.hu\/en\/#\/schema\/logo\/image\/","url":"https:\/\/zsolnaygin.hu\/wp-content\/uploads\/2024\/09\/THE-ZSOLNAY_GIN.svg","contentUrl":"https:\/\/zsolnaygin.hu\/wp-content\/uploads\/2024\/09\/THE-ZSOLNAY_GIN.svg","width":254,"height":171,"caption":"zsolnaygin.hu"},"image":{"@id":"https:\/\/zsolnaygin.hu\/en\/#\/schema\/logo\/image\/"}}]}},"_links":{"self":[{"href":"https:\/\/zsolnaygin.hu\/en\/wp-json\/wp\/v2\/pages\/2374","targetHints":{"allow":["GET"]}}],"collection":[{"href":"https:\/\/zsolnaygin.hu\/en\/wp-json\/wp\/v2\/pages"}],"about":[{"href":"https:\/\/zsolnaygin.hu\/en\/wp-json\/wp\/v2\/types\/page"}],"author":[{"embeddable":true,"href":"https:\/\/zsolnaygin.hu\/en\/wp-json\/wp\/v2\/users\/1"}],"replies":[{"embeddable":true,"href":"https:\/\/zsolnaygin.hu\/en\/wp-json\/wp\/v2\/comments?post=2374"}],"version-history":[{"count":21,"href":"https:\/\/zsolnaygin.hu\/en\/wp-json\/wp\/v2\/pages\/2374\/revisions"}],"predecessor-version":[{"id":5392,"href":"https:\/\/zsolnaygin.hu\/en\/wp-json\/wp\/v2\/pages\/2374\/revisions\/5392"}],"wp:attachment":[{"href":"https:\/\/zsolnaygin.hu\/en\/wp-json\/wp\/v2\/media?parent=2374"}],"curies":[{"name":"wp","href":"https:\/\/api.w.org\/{rel}","templated":true}]}}